{"id":7313,"date":"2025-03-10T13:43:17","date_gmt":"2025-03-10T13:43:17","guid":{"rendered":"https:\/\/finovate.vamtam.com\/?page_id=7313"},"modified":"2025-05-04T18:24:36","modified_gmt":"2025-05-04T18:24:36","slug":"representant-de-commerce-independant-fr","status":"publish","type":"page","link":"https:\/\/coleebri.com\/fr\/a-propos-de\/carrieres\/representant-de-commerce-independant-fr\/","title":{"rendered":"Repr\u00e9sentant commercial ind\u00e9pendant (FR)"},"content":{"rendered":"<div data-elementor-type=\"wp-page\" data-elementor-id=\"7313\" class=\"elementor elementor-7313\" data-elementor-post-type=\"page\">\n\t\t\t\t<div class=\"elementor-element elementor-element-96cf606 e-flex e-con-boxed e-con e-parent\" data-id=\"96cf606\" data-element_type=\"container\" data-e-type=\"container\">\n\t\t\t\t\t<div class=\"e-con-inner\">\n\t\t\t\t<div class=\"elementor-element elementor-element-db834c4 elementor-widget-divider--view-line elementor-widget elementor-widget-divider\" data-id=\"db834c4\" data-element_type=\"widget\" data-e-type=\"widget\" data-widget_type=\"divider.default\">\n\t\t\t\t<div class=\"elementor-widget-container\">\n\t\t\t\t\t\t\t<div class=\"elementor-divider\">\n\t\t\t<span class=\"elementor-divider-separator\">\n\t\t\t\t\t\t<\/span>\n\t\t<\/div>\n\t\t\t\t\t\t<\/div>\n\t\t\t\t<\/div>\n\t\t\t\t<div class=\"elementor-element elementor-element-05d66d8 elementor-widget elementor-widget-heading\" data-id=\"05d66d8\" data-element_type=\"widget\" data-e-type=\"widget\" data-widget_type=\"heading.default\">\n\t\t\t\t<div class=\"elementor-widget-container\">\n\t\t\t\t\t<h5 class=\"elementor-heading-title elementor-size-default\">Responsabilit\u00e9s :<\/h5>\t\t\t\t<\/div>\n\t\t\t\t<\/div>\n\t\t\t\t<div class=\"elementor-element elementor-element-4533b49 elementor-widget elementor-widget-text-editor\" data-id=\"4533b49\" data-element_type=\"widget\" data-e-type=\"widget\" data-widget_type=\"text-editor.default\">\n\t\t\t\t<div class=\"elementor-widget-container\">\n\t\t\t\t\t\t\t\t\t<div>\u2022 Servir de point de contact principal pour les clients potentiels des diff\u00e9rentes marques de Coleebri<\/div><div>\u00a0<\/div><div>\u2022 D\u00e9ployer des strat\u00e9gies de d\u00e9veloppement commercial gr\u00e2ce \u00e0 une approche de vente consultative centr\u00e9e sur l\u2019identification des besoins clients<\/div><div>\u00a0<\/div><div>-Examiner les besoins des clients et proposer des solutions personnalis\u00e9es dans le cadre du portefeuille de services de Coleebri.<\/div><div>\u00a0<\/div><div>\u2022 \u00c9tablir et entretenir des relations solides avec les clients sur les march\u00e9s fran\u00e7ais et britannique<\/div><div>\u00a0<\/div><div>\u2022 Collaborer avec les \u00e9quipes techniques pour garantir la r\u00e9ussite de la mise en \u0153uvre des solutions<\/div>\t\t\t\t\t\t\t\t<\/div>\n\t\t\t\t<\/div>\n\t\t\t\t<div class=\"elementor-element elementor-element-2f05996 elementor-widget-divider--view-line elementor-widget elementor-widget-divider\" data-id=\"2f05996\" data-element_type=\"widget\" data-e-type=\"widget\" data-widget_type=\"divider.default\">\n\t\t\t\t<div class=\"elementor-widget-container\">\n\t\t\t\t\t\t\t<div class=\"elementor-divider\">\n\t\t\t<span class=\"elementor-divider-separator\">\n\t\t\t\t\t\t<\/span>\n\t\t<\/div>\n\t\t\t\t\t\t<\/div>\n\t\t\t\t<\/div>\n\t\t\t\t<div class=\"elementor-element elementor-element-c2dce34 elementor-widget elementor-widget-heading\" data-id=\"c2dce34\" data-element_type=\"widget\" data-e-type=\"widget\" data-widget_type=\"heading.default\">\n\t\t\t\t<div class=\"elementor-widget-container\">\n\t\t\t\t\t<h5 class=\"elementor-heading-title elementor-size-default\">Qualifications :<\/h5>\t\t\t\t<\/div>\n\t\t\t\t<\/div>\n\t\t\t\t<div class=\"elementor-element elementor-element-356a8f2 elementor-widget elementor-widget-text-editor\" data-id=\"356a8f2\" data-element_type=\"widget\" data-e-type=\"widget\" data-widget_type=\"text-editor.default\">\n\t\t\t\t<div class=\"elementor-widget-container\">\n\t\t\t\t\t\t\t\t\t<div>\u2022 3+ ann\u00e9es d\u2019exp\u00e9rience en vente B2B avec une capacit\u00e9 d\u00e9montr\u00e9e \u00e0 g\u00e9rer des relations clients<\/div><div>\u00a0<\/div><div>-La ma\u00eetrise de l'anglais ou du fran\u00e7ais est requise (la ma\u00eetrise des deux langues est un atout).<\/div><div>\u00a0<\/div><div>\u2022 Dipl\u00f4me de niveau licence ou exp\u00e9rience \u00e9quivalente<\/div><div>\u00a0<\/div><div>-Souci du d\u00e9tail et sens aigu de l'organisation<\/div><div>\u00a0<\/div><div>\u2022 Engagement av\u00e9r\u00e9 en faveur de pratiques commerciales \u00e9thiques<\/div><div>\u00a0<\/div><div>\u2022 Adopter en permanence une approche \u00ab client d\u2019abord \u00bb<\/div><div>\u00a0<\/div><div>\u2022 Une exp\u00e9rience dans un ou plusieurs de nos domaines de services est souhait\u00e9e<\/div>\t\t\t\t\t\t\t\t<\/div>\n\t\t\t\t<\/div>\n\t\t\t\t<div class=\"elementor-element elementor-element-8e42a6c elementor-widget-divider--view-line elementor-widget elementor-widget-divider\" data-id=\"8e42a6c\" data-element_type=\"widget\" data-e-type=\"widget\" data-widget_type=\"divider.default\">\n\t\t\t\t<div class=\"elementor-widget-container\">\n\t\t\t\t\t\t\t<div class=\"elementor-divider\">\n\t\t\t<span class=\"elementor-divider-separator\">\n\t\t\t\t\t\t<\/span>\n\t\t<\/div>\n\t\t\t\t\t\t<\/div>\n\t\t\t\t<\/div>\n\t\t\t\t<div class=\"elementor-element elementor-element-8687757 elementor-widget elementor-widget-heading\" data-id=\"8687757\" data-element_type=\"widget\" data-e-type=\"widget\" data-widget_type=\"heading.default\">\n\t\t\t\t<div class=\"elementor-widget-container\">\n\t\t\t\t\t<h5 class=\"elementor-heading-title elementor-size-default\">R\u00e9mun\u00e9ration et avantages :<\/h5>\t\t\t\t<\/div>\n\t\t\t\t<\/div>\n\t\t\t\t<div class=\"elementor-element elementor-element-9cf4993 elementor-widget elementor-widget-text-editor\" data-id=\"9cf4993\" data-element_type=\"widget\" data-e-type=\"widget\" data-widget_type=\"text-editor.default\">\n\t\t\t\t<div class=\"elementor-widget-container\">\n\t\t\t\t\t\t\t\t\t<div>\u2022 Structure de commission comp\u00e9titive avec un potentiel de r\u00e9mun\u00e9ration attractif<\/div><div>\u00a0<\/div><div>\u2022 Modalit\u00e9s de travail flexibles<\/div><div>\u00a0<\/div><div>\u2022 Opportunit\u00e9s de d\u00e9veloppement professionnel<\/div><div>\u00a0<\/div><div>\u2022 Environnement d\u2019\u00e9quipe collaboratif<\/div><div>\u00a0<\/div><div>\u2022 Opportunit\u00e9 de travailler sur plusieurs march\u00e9s et secteurs d\u2019activit\u00e9<\/div>\t\t\t\t\t\t\t\t<\/div>\n\t\t\t\t<\/div>\n\t\t\t\t\t<\/div>\n\t\t\t\t<\/div>\n\t\t\t\t<\/div>","protected":false},"excerpt":{"rendered":"<p>Chez Coleebri, notre approche centr\u00e9e sur l\u2019humain guide tout ce que nous faisons \u00e0 travers nos marques sp\u00e9cialis\u00e9es en formation, conseil, solutions digitales, recrutement et sant\u00e9.\nNous recherchons un Repr\u00e9sentant Commercial Ind\u00e9pendant pour rejoindre notre \u00e9quipe active en France et au Royaume-Uni. Vous \u00e9voluerez dans un environnement qui valorise l\u2019int\u00e9grit\u00e9, le soin et un management horizontal qui encourage l\u2019initiative. Si vous \u00eates passionn\u00e9 par la cr\u00e9ation de relations clients authentiques et l\u2019impact positif gr\u00e2ce \u00e0 des solutions innovantes, nous serions ravis d\u2019\u00e9changer avec vous.<\/p>","protected":false},"author":1,"featured_media":0,"parent":35,"menu_order":0,"comment_status":"closed","ping_status":"closed","template":"","meta":{"footnotes":""},"class_list":["post-7313","page","type-page","status-publish","hentry"],"yoast_head":"<!-- This site is optimized with the Yoast SEO Premium plugin v24.9 (Yoast SEO v27.4) - https:\/\/yoast.com\/product\/yoast-seo-premium-wordpress\/ -->\n<title>Independant Sales Representative (FR) - Coleebri<\/title>\n<meta name=\"robots\" content=\"index, follow, max-snippet:-1, max-image-preview:large, max-video-preview:-1\" \/>\n<link rel=\"canonical\" href=\"https:\/\/coleebri.com\/fr\/a-propos-de\/carrieres\/representant-de-commerce-independant-fr\/\" \/>\n<meta property=\"og:locale\" content=\"fr_FR\" \/>\n<meta property=\"og:type\" content=\"article\" \/>\n<meta property=\"og:title\" content=\"Independant Sales Representative (FR)\" \/>\n<meta property=\"og:description\" content=\"At Coleebri, our people-centric approach drives everything we do across our specialized sub-brands in training, consulting, digital solutions, recruitment, and healthcare. We\u2019re seeking an Independent Sales Representative to join our team spanning France and the UK. You\u2019ll work in an environment valuing integrity, care, and horizontal management that empowers initiative. If you\u2019re passionate about building meaningful client relationships and creating positive impact through innovative solutions, we want to hear from you.\" \/>\n<meta property=\"og:url\" content=\"https:\/\/coleebri.com\/fr\/a-propos-de\/carrieres\/representant-de-commerce-independant-fr\/\" \/>\n<meta property=\"og:site_name\" content=\"Coleebri\" \/>\n<meta property=\"article:modified_time\" content=\"2025-05-04T18:24:36+00:00\" \/>\n<meta name=\"twitter:card\" content=\"summary_large_image\" \/>\n<meta name=\"twitter:label1\" content=\"Dur\u00e9e de lecture estim\u00e9e\" \/>\n\t<meta name=\"twitter:data1\" content=\"1 minute\" \/>\n<script type=\"application\/ld+json\" class=\"yoast-schema-graph\">{\"@context\":\"https:\\\/\\\/schema.org\",\"@graph\":[{\"@type\":\"WebPage\",\"@id\":\"https:\\\/\\\/coleebri.com\\\/about\\\/careers\\\/independant-sales-representative-fr\\\/\",\"url\":\"https:\\\/\\\/coleebri.com\\\/about\\\/careers\\\/independant-sales-representative-fr\\\/\",\"name\":\"Independant Sales Representative (FR) - Coleebri\",\"isPartOf\":{\"@id\":\"https:\\\/\\\/coleebri.com\\\/#website\"},\"datePublished\":\"2025-03-10T13:43:17+00:00\",\"dateModified\":\"2025-05-04T18:24:36+00:00\",\"breadcrumb\":{\"@id\":\"https:\\\/\\\/coleebri.com\\\/about\\\/careers\\\/independant-sales-representative-fr\\\/#breadcrumb\"},\"inLanguage\":\"fr-FR\",\"potentialAction\":[{\"@type\":\"ReadAction\",\"target\":[\"https:\\\/\\\/coleebri.com\\\/about\\\/careers\\\/independant-sales-representative-fr\\\/\"]}]},{\"@type\":\"BreadcrumbList\",\"@id\":\"https:\\\/\\\/coleebri.com\\\/about\\\/careers\\\/independant-sales-representative-fr\\\/#breadcrumb\",\"itemListElement\":[{\"@type\":\"ListItem\",\"position\":1,\"name\":\"Accueil\",\"item\":\"https:\\\/\\\/coleebri.com\\\/\"},{\"@type\":\"ListItem\",\"position\":2,\"name\":\"About\",\"item\":\"https:\\\/\\\/coleebri.com\\\/about\\\/\"},{\"@type\":\"ListItem\",\"position\":3,\"name\":\"Careers\",\"item\":\"https:\\\/\\\/coleebri.com\\\/about\\\/careers\\\/\"},{\"@type\":\"ListItem\",\"position\":4,\"name\":\"Independant Sales Representative (FR)\"}]},{\"@type\":\"WebSite\",\"@id\":\"https:\\\/\\\/coleebri.com\\\/#website\",\"url\":\"https:\\\/\\\/coleebri.com\\\/\",\"name\":\"Coleebri\",\"description\":\"L&#039;\u00e9cosyst\u00e8me Coleebri regroupe l&#039;agence de communication Coleebri, le centre de formation coleebri learning et le cabinet What4 Conseils.\",\"publisher\":{\"@id\":\"https:\\\/\\\/coleebri.com\\\/#organization\"},\"potentialAction\":[{\"@type\":\"SearchAction\",\"target\":{\"@type\":\"EntryPoint\",\"urlTemplate\":\"https:\\\/\\\/coleebri.com\\\/?s={search_term_string}\"},\"query-input\":{\"@type\":\"PropertyValueSpecification\",\"valueRequired\":true,\"valueName\":\"search_term_string\"}}],\"inLanguage\":\"fr-FR\"},{\"@type\":\"Organization\",\"@id\":\"https:\\\/\\\/coleebri.com\\\/#organization\",\"name\":\"Coleebri\",\"url\":\"https:\\\/\\\/coleebri.com\\\/\",\"logo\":{\"@type\":\"ImageObject\",\"inLanguage\":\"fr-FR\",\"@id\":\"https:\\\/\\\/coleebri.com\\\/#\\\/schema\\\/logo\\\/image\\\/\",\"url\":\"https:\\\/\\\/coleebri.com\\\/wp-content\\\/uploads\\\/2025\\\/02\\\/Fichier-3@2x.png\",\"contentUrl\":\"https:\\\/\\\/coleebri.com\\\/wp-content\\\/uploads\\\/2025\\\/02\\\/Fichier-3@2x.png\",\"width\":1712,\"height\":476,\"caption\":\"Coleebri\"},\"image\":{\"@id\":\"https:\\\/\\\/coleebri.com\\\/#\\\/schema\\\/logo\\\/image\\\/\"}}]}<\/script>\n<!-- \/ Yoast SEO Premium plugin. -->","yoast_head_json":{"title":"Repr\u00e9sentant ind\u00e9pendant (FR) - Coleebri","robots":{"index":"index","follow":"follow","max-snippet":"max-snippet:-1","max-image-preview":"max-image-preview:large","max-video-preview":"max-video-preview:-1"},"canonical":"https:\/\/coleebri.com\/fr\/a-propos-de\/carrieres\/representant-de-commerce-independant-fr\/","og_locale":"fr_FR","og_type":"article","og_title":"Independant Sales Representative (FR)","og_description":"At Coleebri, our people-centric approach drives everything we do across our specialized sub-brands in training, consulting, digital solutions, recruitment, and healthcare. We\u2019re seeking an Independent Sales Representative to join our team spanning France and the UK. You\u2019ll work in an environment valuing integrity, care, and horizontal management that empowers initiative. If you\u2019re passionate about building meaningful client relationships and creating positive impact through innovative solutions, we want to hear from you.","og_url":"https:\/\/coleebri.com\/fr\/a-propos-de\/carrieres\/representant-de-commerce-independant-fr\/","og_site_name":"Coleebri","article_modified_time":"2025-05-04T18:24:36+00:00","twitter_card":"summary_large_image","twitter_misc":{"Dur\u00e9e de lecture estim\u00e9e":"1 minute"},"schema":{"@context":"https:\/\/schema.org","@graph":[{"@type":"WebPage","@id":"https:\/\/coleebri.com\/about\/careers\/independant-sales-representative-fr\/","url":"https:\/\/coleebri.com\/about\/careers\/independant-sales-representative-fr\/","name":"Repr\u00e9sentant ind\u00e9pendant (FR) - Coleebri","isPartOf":{"@id":"https:\/\/coleebri.com\/#website"},"datePublished":"2025-03-10T13:43:17+00:00","dateModified":"2025-05-04T18:24:36+00:00","breadcrumb":{"@id":"https:\/\/coleebri.com\/about\/careers\/independant-sales-representative-fr\/#breadcrumb"},"inLanguage":"fr-FR","potentialAction":[{"@type":"ReadAction","target":["https:\/\/coleebri.com\/about\/careers\/independant-sales-representative-fr\/"]}]},{"@type":"BreadcrumbList","@id":"https:\/\/coleebri.com\/about\/careers\/independant-sales-representative-fr\/#breadcrumb","itemListElement":[{"@type":"ListItem","position":1,"name":"Accueil","item":"https:\/\/coleebri.com\/"},{"@type":"ListItem","position":2,"name":"About","item":"https:\/\/coleebri.com\/about\/"},{"@type":"ListItem","position":3,"name":"Careers","item":"https:\/\/coleebri.com\/about\/careers\/"},{"@type":"ListItem","position":4,"name":"Independant Sales Representative (FR)"}]},{"@type":"WebSite","@id":"https:\/\/coleebri.com\/#website","url":"https:\/\/coleebri.com\/","name":"Coleebri","description":"L'\u00e9cosyst\u00e8me Coleebri regroupe l'agence de communication Coleebri, le centre de formation coleebri learning et le cabinet What4 Conseils.","publisher":{"@id":"https:\/\/coleebri.com\/#organization"},"potentialAction":[{"@type":"SearchAction","target":{"@type":"EntryPoint","urlTemplate":"https:\/\/coleebri.com\/?s={search_term_string}"},"query-input":{"@type":"PropertyValueSpecification","valueRequired":true,"valueName":"search_term_string"}}],"inLanguage":"fr-FR"},{"@type":"Organization","@id":"https:\/\/coleebri.com\/#organization","name":"Coleebri","url":"https:\/\/coleebri.com\/","logo":{"@type":"ImageObject","inLanguage":"fr-FR","@id":"https:\/\/coleebri.com\/#\/schema\/logo\/image\/","url":"https:\/\/coleebri.com\/wp-content\/uploads\/2025\/02\/Fichier-3@2x.png","contentUrl":"https:\/\/coleebri.com\/wp-content\/uploads\/2025\/02\/Fichier-3@2x.png","width":1712,"height":476,"caption":"Coleebri"},"image":{"@id":"https:\/\/coleebri.com\/#\/schema\/logo\/image\/"}}]}},"jetpack_sharing_enabled":true,"_links":{"self":[{"href":"https:\/\/coleebri.com\/fr\/wp-json\/wp\/v2\/pages\/7313","targetHints":{"allow":["GET"]}}],"collection":[{"href":"https:\/\/coleebri.com\/fr\/wp-json\/wp\/v2\/pages"}],"about":[{"href":"https:\/\/coleebri.com\/fr\/wp-json\/wp\/v2\/types\/page"}],"author":[{"embeddable":true,"href":"https:\/\/coleebri.com\/fr\/wp-json\/wp\/v2\/users\/1"}],"replies":[{"embeddable":true,"href":"https:\/\/coleebri.com\/fr\/wp-json\/wp\/v2\/comments?post=7313"}],"version-history":[{"count":22,"href":"https:\/\/coleebri.com\/fr\/wp-json\/wp\/v2\/pages\/7313\/revisions"}],"predecessor-version":[{"id":990507,"href":"https:\/\/coleebri.com\/fr\/wp-json\/wp\/v2\/pages\/7313\/revisions\/990507"}],"up":[{"embeddable":true,"href":"https:\/\/coleebri.com\/fr\/wp-json\/wp\/v2\/pages\/35"}],"wp:attachment":[{"href":"https:\/\/coleebri.com\/fr\/wp-json\/wp\/v2\/media?parent=7313"}],"curies":[{"name":"wp","href":"https:\/\/api.w.org\/{rel}","templated":true}]}}